{"id":122,"date":"2013-05-20T16:40:58","date_gmt":"2013-05-20T14:40:58","guid":{"rendered":"http:\/\/ecrire-coach.biographe-valeriejean.fr?page_id=122"},"modified":"2013-05-20T16:40:58","modified_gmt":"2013-05-20T14:40:58","slug":"creation-artistique","status":"publish","type":"page","link":"https:\/\/ecrire-coach.biographe-valeriejean.fr\/?page_id=122","title":{"rendered":"Cr\u00e9ation artistique"},"content":{"rendered":"<h1>L&rsquo;art de cr\u00e9er ou l&rsquo;art de s&rsquo;exprimer&#8230;.<\/h1>\n<p style=\"text-align: justify;\"><strong>L&rsquo;inn\u00e9 et l&rsquo;acquis<\/strong>, vous connaissez ce d\u00e9bat qui \u00e9cart\u00e8le depuis si longtemps nos doctes savants&#8230; Pour la cr\u00e9ation, qu&rsquo;est ce que le <strong>talent spontan\u00e9<\/strong> et qu&rsquo;est ce qui s&rsquo;apprend ?<\/p>\n<p style=\"text-align: justify;\">Pour ma part, je pr\u00f4ne l&rsquo;art d&rsquo;<strong>oser l&rsquo;expression pour soi<\/strong> mais surtout en faire un <strong>acte de\u00a0 partage<\/strong>. Le plaisir est une grande source de motivation surtout lorsqu&rsquo;il est partag\u00e9. Un cr\u00e9ateur si sublime soit-il, s&rsquo;il est seul \u00e0 admirer son \u0153uvre tournera en rond. Son inspiration s&rsquo;\u00e9rodera.<\/p>\n<p style=\"text-align: justify;\">Tr\u00eave de blabla, vous trouverez sous cette rubrique, un ensemble de productions\u00a0 \u00e0 propos desquelles je m&rsquo;exprimerai librement, sans aucune autre intention que de vous \u00e9clairer sur ma d\u00e9marche de cr\u00e9ation. D\u00e9marche qui ne pr\u00e9tend aucunement \u00e0 prouver que j&rsquo;ai du talent mais simplement \u00e0 t\u00e9moigner d&rsquo;une exp\u00e9rience cr\u00e9atrice d&rsquo;\u00e9motions, de plaisirs et de partages.<\/p>\n<p style=\"text-align: justify;\">\n","protected":false},"excerpt":{"rendered":"<p>L&rsquo;art de cr\u00e9er ou l&rsquo;art de s&rsquo;exprimer&#8230;. L&rsquo;inn\u00e9 et l&rsquo;acquis, vous connaissez ce d\u00e9bat qui \u00e9cart\u00e8le depuis si longtemps nos doctes savants&#8230; Pour la cr\u00e9ation, qu&rsquo;est ce que le talent spontan\u00e9 et qu&rsquo;est ce qui s&rsquo;apprend ? Pour ma part, je pr\u00f4ne l&rsquo;art d&rsquo;oser l&rsquo;expression pour soi mais surtout en faire un acte de\u00a0 partage. &hellip; <a href=\"https:\/\/ecrire-coach.biographe-valeriejean.fr\/?page_id=122\" class=\"more-link\">Continuer la lecture de <span class=\"screen-reader-text\">Cr\u00e9ation artistique<\/span>  <span class=\"meta-nav\">&rarr;<\/span><\/a><\/p>\n","protected":false},"author":1,"featured_media":0,"parent":0,"menu_order":3,"comment_status":"open","ping_status":"closed","template":"","meta":{"footnotes":""},"class_list":["post-122","page","type-page","status-publish","hentry"],"aioseo_notices":[],"_links":{"self":[{"href":"https:\/\/ecrire-coach.biographe-valeriejean.fr\/index.php?rest_route=\/wp\/v2\/pages\/122","targetHints":{"allow":["GET"]}}],"collection":[{"href":"https:\/\/ecrire-coach.biographe-valeriejean.fr\/index.php?rest_route=\/wp\/v2\/pages"}],"about":[{"href":"https:\/\/ecrire-coach.biographe-valeriejean.fr\/index.php?rest_route=\/wp\/v2\/types\/page"}],"author":[{"embeddable":true,"href":"https:\/\/ecrire-coach.biographe-valeriejean.fr\/index.php?rest_route=\/wp\/v2\/users\/1"}],"replies":[{"embeddable":true,"href":"https:\/\/ecrire-coach.biographe-valeriejean.fr\/index.php?rest_route=%2Fwp%2Fv2%2Fcomments&post=122"}],"version-history":[{"count":0,"href":"https:\/\/ecrire-coach.biographe-valeriejean.fr\/index.php?rest_route=\/wp\/v2\/pages\/122\/revisions"}],"wp:attachment":[{"href":"https:\/\/ecrire-coach.biographe-valeriejean.fr\/index.php?rest_route=%2Fwp%2Fv2%2Fmedia&parent=122"}],"curies":[{"name":"wp","href":"https:\/\/api.w.org\/{rel}","templated":true}]}}