{"id":1301,"date":"2014-09-28T19:38:55","date_gmt":"2014-09-28T17:38:55","guid":{"rendered":"http:\/\/ecrire-coach.biographe-valeriejean.fr\/?page_id=1301"},"modified":"2014-09-28T19:38:55","modified_gmt":"2014-09-28T17:38:55","slug":"chili-le-bout-du-monde","status":"publish","type":"page","link":"https:\/\/ecrire-coach.biographe-valeriejean.fr\/?page_id=1301","title":{"rendered":"Chili : un voyage aux confins du monde"},"content":{"rendered":"<h1>VAMONOS AL CHILE !<\/h1>\n<p>Carnet de voyage de notre exp\u00e9dition chilienne du 4 f\u00e9vrier au 23 f\u00e9vrier 2010<\/p>\n<p style=\"text-align: justify;\">A l&rsquo;origine, nous devions partir pour le Japon pour r\u00e9pondre \u00e0 l&rsquo;invitation d&rsquo;un de nos amis.<br \/>\nAu mois d&rsquo;ao\u00fbt, la nouvelle tombe, ma ni\u00e8ce se marie en f\u00e9vrier&#8230; au Chili! Deux voyages \u00e0 perpet dans l&rsquo;ann\u00e9e impossible pour notre pauvre budget de salari\u00e9s de l&rsquo;h\u00f4tellerie de plein air! Nous choisissons d&rsquo;aller faire la f\u00eate au bord du Pacifique.<\/p>\n<h2 style=\"text-align: justify;\">Pr\u00e9parations du voyage<\/h2>\n<h4 style=\"text-align: justify;\">Premi\u00e8re \u00e9preuve:\u00a0 la garde des enfants!<\/h4>\n<p style=\"text-align: justify;\">Mes parents \u00e9tant du voyage, il fallait trouver quelqu&rsquo;un pour la semaine o\u00f9 Jos\u00e9phine et Mathieu \u00e9taient encore \u00e0 l&rsquo;\u00e9cole; puis trouver une solution pour les vacances de f\u00e9vrier.<br \/>\nNos amis de Soullans ont accept\u00e9 sans probl\u00e8me de se charger de la premi\u00e8re semaine&#8230;Apr\u00e8s r\u00e9flexion, j&rsquo;ai demand\u00e9 \u00e0 nos amis de La Roche sur Yon, retrait\u00e9s de venir passer deux semaines \u00e0 la maison. Marion devant rester chez son p\u00e8re. Ils ont accept\u00e9. On pouvait partir tranquille.<\/p>\n<h4 style=\"text-align: justify;\">Deuxi\u00e8me \u00e9preuve, s&rsquo;assurer du cash !<\/h4>\n<p>S&rsquo;assurer d&rsquo;avoir en toutes circonstances du cash pour payer au cas o\u00f9 la carte bleue ne fonctionne pas ou bien qu&rsquo;il n&rsquo;y en ai pas dans les coins recul\u00e9s&#8230;Nous verrons que c&rsquo;est inutile, le chili s&rsquo;est dot\u00e9 d&rsquo;excellentes infrastructures pour accueillir les touristes contrairement \u00e0 ce qui est dit dans les guides&#8230;Nous comptons 1000 euros pour couvrir l&rsquo;ensemble de nos d\u00e9penses qui ne sont pas incluses dans notre forfait.<\/p>\n<p>L&rsquo;agence 66 \u00b0 Nord, a fait un excellent travail et nous a concoct\u00e9 un circuit tr\u00e8s bien adapt\u00e9: 4 f\u00e9vrier Vol de Nantes pour Madrid. Escale puis d\u00e9part pour Santiago.le 5\u00a0 Santiago pour le mariage de ma ni\u00e8ce avec 6 et 7 Fiesta \u00e0 Horcon au club Tebo et retour sur Santiago. Le 8 Vol pour Calama\u00a0 avec une navette pour rallier San Pedro de Atacama. Le 9,10,11 Excursions sur Atacama, (r\u00e9serv\u00e9es par nos soins) et d\u00e9part sur Calama en bus de nuit pour Arica. Le 12,13 d\u00e9part pour Putre en voiture de location. le 14 d\u00e9part pour Codpa en voiture de location puis retour sur Arica puis vol sur Santiago. le 15 Vol pour la Patagonie puis voiture de location pour rejoindre Puerto Natales. le 16,17,18 parc Torres del Paine (entr\u00e9e pay\u00e9e par nous) le 19 retour sur Punta arenas et vol pour Santiago les 20,21,22,23 Santiago chez ma ni\u00e8ce et son mari et retour sur Madrid et Nantes.<\/p>\n<p style=\"text-align: justify;\">Un dossier nous a \u00e9t\u00e9 envoy\u00e9 avec tous les checking : transfert, vols int\u00e9rieurs, location v\u00e9hicule et h\u00e9bergements. bravo l&rsquo;agence 66\u00b0 Nord.<\/p>\n<h4 style=\"text-align: justify;\">Troisi\u00e8me \u00e9preuve: les bagages<\/h4>\n<p style=\"text-align: justify;\">S&rsquo;organiser avec un minimum d&rsquo;encombrement \u00e9tait essentiel.<\/p>\n<p style=\"text-align: justify;\">Pr\u00e9voir des v\u00eatements chauds et des chaussures de randonn\u00e9e, gants et bonnets pour la Patagonie, qui constituerait la grosse valise de la soute.<\/p>\n<p style=\"text-align: justify;\">Des v\u00eatements tr\u00e8s l\u00e9gers avec casquettes et lunettes de soleil pour le d\u00e9sert et des v\u00eatements dits de ville pour p\u00e9r\u00e9griner dans Santiago seraient dans nos petites valises consid\u00e9r\u00e9es comme bagages \u00e0 main, sans oublier nos tenues pour le mariage pr\u00e9vu le lendemain de notre arriv\u00e9e.<\/p>\n<h4 style=\"text-align: justify;\">Quatri\u00e8me \u00e9preuve: trouver un parking sur Nantes!<\/h4>\n<p style=\"text-align: justify;\">Les tarifs pratiqu\u00e9s dans les parkings des a\u00e9roports \u00e9tant devenus du luxe, nous cherchons une autre solution&#8230;Et miracle, l&rsquo;a\u00e9roport de Nantes se trouve \u00e0 deux kilom\u00e8tres de l&rsquo;organisme de formation \u00ab\u00a0La Pingleti\u00e8re\u00a0\u00bb qui nous a accueilli pendant trois ans&#8230;Un coup de fil au directeur et notre voiture est accept\u00e9e sans probl\u00e8me pour trois semaines dans l&rsquo;enceinte du ch\u00e2teau! Ouf! Une \u00e9charpe en laine de lama viendra r\u00e9compenser ce grand service \u00e0 notre retour!<\/p>\n<h2 style=\"text-align: justify;\">C&rsquo;est parti pour une destination exceptionnelle<\/h2>\n<p>C&rsquo;est ici qu&rsquo;aura lieu la f\u00eate pour le mariage.<\/p>\n<p>La club EL TEBO, \u00e0 Horcon, un endroit paradisiaque<a href=\"http:\/\/ecrire-coach.biographe-valeriejean.fr\/wp-content\/uploads\/2014\/09\/el-tebo1.jpg\"><img loading=\"lazy\" decoding=\"async\" class=\"alignright size-medium wp-image-2293\" src=\"http:\/\/ecrire-coach.biographe-valeriejean.fr\/wp-content\/uploads\/2014\/09\/el-tebo1-300x225.jpg\" alt=\"club el tebo- Chili\" width=\"300\" height=\"225\" \/><\/a><\/p>\n<p style=\"text-align: justify;\">Les quelques photos que nous avions vu sur Internet nous avaient enchant\u00e9es mais&#8230;c&rsquo;est encore plus somptueux. Au bout de l&rsquo;all\u00e9e qui m\u00e8ne aux b\u00e2timents principaux, une vue plongeante sur le Pacifique nous r\u00e9v\u00e8le des couleurs d&rsquo;une grande beaut\u00e9. Des rochers et des arbres battus par le vent se d\u00e9coupent sur la mer&#8230;\u00a0\u00a0 <a href=\"http:\/\/ecrire-coach.biographe-valeriejean.fr\/wp-content\/uploads\/2014\/09\/0-vue-club-el-tebo.jpg\"><img loading=\"lazy\" decoding=\"async\" class=\"size-medium wp-image-1306 aligncenter\" src=\"http:\/\/ecrire-coach.biographe-valeriejean.fr\/wp-content\/uploads\/2014\/09\/0-vue-club-el-tebo-225x300.jpg\" alt=\"plage cau Cau\" width=\"225\" height=\"300\" \/><\/a><a href=\"http:\/\/ecrire-coach.biographe-valeriejean.fr\/wp-content\/uploads\/2014\/09\/el-tebo2.jpg\"><img loading=\"lazy\" decoding=\"async\" class=\"alignright size-medium wp-image-2294\" src=\"http:\/\/ecrire-coach.biographe-valeriejean.fr\/wp-content\/uploads\/2014\/09\/el-tebo2-300x225.jpg\" alt=\"club el tebo-horcon-chili\" width=\"300\" height=\"225\" \/><\/a>Chaque famille invit\u00e9e a sa petite pagode avec vue sur la mer&#8230;<\/p>\n<p style=\"text-align: justify;\">Un espace convivial avec un bar en rondins de bois comme on peut en voir dans les clubs, avec autour des tables rudimentaires. On est loin des salles feutr\u00e9es et d\u00e9cor\u00e9es&#8230;<a href=\"http:\/\/ecrire-coach.biographe-valeriejean.fr\/wp-content\/uploads\/2014\/09\/25258_10150144154815494_7712527_n.jpg\"><img loading=\"lazy\" decoding=\"async\" class=\"alignleft size-medium wp-image-1309\" src=\"http:\/\/ecrire-coach.biographe-valeriejean.fr\/wp-content\/uploads\/2014\/09\/25258_10150144154815494_7712527_n-300x225.jpg\" alt=\"veill\u00e9e au clu tebo\" width=\"300\" height=\"225\" \/><\/a>Un feu de bois au milieu apporte une ambiance particuli\u00e8re de veill\u00e9e intime que nous honorons \u00e0 notre habitude par une coupe de champagne en bons champenois!<br \/>\n\u00c9tant la seule fran\u00e7aise, avec Julie, \u00e0 ma\u00eetriser l&rsquo;espagnol, je me rapproche des parents de Carlos, seuls repr\u00e9sentants chiliens, avec l&rsquo;ami d&rsquo;enfance de Carlos, Roberto et\u00a0 sa femme, de la soir\u00e9e. Ils nous surprirent alors en offrant \u00e0 chacun de nous un petit cadeau de bienvenue. Je re\u00e7ois un petit porte monnaie marqu\u00e9 du drapeau chilien qui d\u00e9sormais recevra mes pesos! J&rsquo;invitai Roberto et Veronica \u00e0 partager notre table. Le repas fut tr\u00e8s convivial, mon espagnol s&rsquo;am\u00e9liorant au fil des heures.<br \/>\nPeu \u00e0 peu, chacun regagna son bungalow et nous rest\u00e2mes les derniers avec Julie qui, excit\u00e9e \u00e0 l&rsquo;approche de la c\u00e9r\u00e9monie du mariage, n&rsquo;avait pas envie de dormir. Le nez dans les \u00e9toiles de l&rsquo;h\u00e9misph\u00e8re sud, nous jouissions pleinement de l&rsquo;instant. Conscients qu&rsquo;on observait des \u00e9toiles qui ne sont jamais dans notre ciel europ\u00e9en&#8230;Enfin je crois!<\/p>\n<p style=\"text-align: justify;\">Le grand jour se l\u00e8ve et les pr\u00e9paratifs de la c\u00e9r\u00e9monie commencent apr\u00e8s un petit d\u00e9jeuner tranquille face au Pacifique.Deux femmes de services s&rsquo;activent pour nous apporter du caf\u00e9, des petits pains ronds brioch\u00e9s et de la confiture.<\/p>\n<p style=\"text-align: justify;\"><a href=\"http:\/\/ecrire-coach.biographe-valeriejean.fr\/wp-content\/uploads\/2014\/09\/el-tebo3.jpg\"><img loading=\"lazy\" decoding=\"async\" class=\"size-medium wp-image-2295 aligncenter\" src=\"http:\/\/ecrire-coach.biographe-valeriejean.fr\/wp-content\/uploads\/2014\/09\/el-tebo3-300x225.jpg\" alt=\"el tebo3\" width=\"300\" height=\"225\" \/><\/a><\/p>\n<p style=\"text-align: justify;\"><a href=\"http:\/\/ecrire-coach.biographe-valeriejean.fr\/wp-content\/uploads\/2014\/09\/25258_10150144642660494_5815678_n.jpg\"><img loading=\"lazy\" decoding=\"async\" class=\"alignright size-medium wp-image-1310\" src=\"http:\/\/ecrire-coach.biographe-valeriejean.fr\/wp-content\/uploads\/2014\/09\/25258_10150144642660494_5815678_n-300x200.jpg\" alt=\"s\u00e9ance coiffure\" width=\"300\" height=\"200\" \/><\/a>Apr\u00e8s avoir termin\u00e9 la s\u00e9ance des \u00ab\u00a0bolsas\u00a0\u00bb, petits sachets offerts aux invit\u00e9s, contenant quelques produits issus de la Provence natale de Julie, nous entamons la s\u00e9ance coiffure, maquillage&#8230; Puis nous d\u00e9cidons avec Nelson de reconna\u00eetre l&rsquo;espace des festivit\u00e9s qui se passera en contre bas du club pr\u00e8s de la plage. Il nous faut descendre un petit chemin escarp\u00e9&#8230; <a href=\"http:\/\/ecrire-coach.biographe-valeriejean.fr\/wp-content\/uploads\/2014\/09\/26138_1246115160490_3282829_n.jpg\"><img loading=\"lazy\" decoding=\"async\" class=\"alignleft wp-image-1311 size-medium\" src=\"http:\/\/ecrire-coach.biographe-valeriejean.fr\/wp-content\/uploads\/2014\/09\/26138_1246115160490_3282829_n-300x225.jpg\" alt=\"club tebo\" width=\"300\" height=\"225\" \/><\/a>Nous arrivons sur une grande esplanade donnant sur la mer o\u00f9 des coins d\u00e9tentes sont merveilleusement am\u00e9nag\u00e9s.<br \/>\nToute une \u00e9quipe s&rsquo;affaire \u00e0 dresser les tables dispos\u00e9es autour d&rsquo;une piste\u00a0 dall\u00e9e de pierre. Un bar et un grand barbecue surplombent\u00a0 l&rsquo;aire de f\u00eate accessible par un immense escalier.<br \/>\nNous continuons plus loin, le long de plage pour d\u00e9couvrir le chemin par lequel Julie et son p\u00e8re descendront la colline avec un tracteur pour rejoindre la tribune dress\u00e9e pour la c\u00e9r\u00e9monie officielle.<br \/>\nPlus loin encore, se trouve une plateforme o\u00f9 se font les massages et le spa&#8230;toujours rudimentaires. De vraies baignoires fix\u00e9es dans la terrasse de bois attendent le client&#8230;et des caissons de bois pour le bain de vapeur.<a href=\"http:\/\/ecrire-coach.biographe-valeriejean.fr\/wp-content\/uploads\/2014\/09\/26138_1246115120489_4146740_n.jpg\"><img loading=\"lazy\" decoding=\"async\" class=\"alignright size-medium wp-image-1312\" src=\"http:\/\/ecrire-coach.biographe-valeriejean.fr\/wp-content\/uploads\/2014\/09\/26138_1246115120489_4146740_n-225x300.jpg\" alt=\"SPA Club Tebo\" width=\"225\" height=\"300\" \/><\/a> Apr\u00e8s nous \u00eatre amus\u00e9s pendant quelques minutes nous retournons sur nos pas pour finir de nous pr\u00e9parer pour le mariage.<br \/>\nTout est fin pr\u00eat, nous redescendons le chemin pour faire comme tous les invit\u00e9s: attendre la mari\u00e9e qui arrive, comme pr\u00e9vu, au bras de son papa, resplendissante dans une robe magnifique.<br \/>\nApr\u00e8s une br\u00e8ve allocution de madame l&rsquo;officier d&rsquo;\u00e9tat civil, les festivit\u00e9s se poursuivent comme dans tous les mariages : la remise des alliances, le oui, les photos et &#8230;.le repas.<a href=\"http:\/\/ecrire-coach.biographe-valeriejean.fr\/wp-content\/uploads\/2014\/09\/IMG_0043.jpg\"><img loading=\"lazy\" decoding=\"async\" class=\"alignright size-medium wp-image-1319\" src=\"http:\/\/ecrire-coach.biographe-valeriejean.fr\/wp-content\/uploads\/2014\/09\/IMG_0043-300x119.jpg\" alt=\"club el tebo\" width=\"300\" height=\"119\" \/><\/a><br \/>\n<a href=\"http:\/\/ecrire-coach.biographe-valeriejean.fr\/wp-content\/uploads\/2014\/09\/1915851_1252902130160_2452661_n.jpg\"><img loading=\"lazy\" decoding=\"async\" class=\"alignleft size-medium wp-image-1315\" src=\"http:\/\/ecrire-coach.biographe-valeriejean.fr\/wp-content\/uploads\/2014\/09\/1915851_1252902130160_2452661_n-225x300.jpg\" alt=\"GINETTE CHILI\" width=\"225\" height=\"300\" \/><\/a>Ginette nous est pr\u00e9sent\u00e9e comme la personne qui s&rsquo;occupera de nous pendant tout le repas. Ellle nous dit \u00eatre heureuse de nous servir parce que nous sommes fran\u00e7ais et que son p\u00e8re \u00e9tait lui aussi fran\u00e7ais, de la province basque. Il a \u00e9migr\u00e9 alors qu&rsquo;il \u00e9tait b\u00fbcheron&#8230; Elle me confiera d&rsquo;ailleurs plus tard des photocopies, des papiers ayant appartenu \u00e0 son p\u00e8re pour que nous retrouvions son village natal. Rentr\u00e9e chez moi, j&rsquo;ai envoy\u00e9 des photos et une carte \u00e0 Ginette, sans succ\u00e8s, le mail m&rsquo;\u00e9tant revenu&#8230;<br \/>\n<a href=\"http:\/\/ecrire-coach.biographe-valeriejean.fr\/wp-content\/uploads\/2014\/09\/25258_10150144654730494_1597602_n.jpg\"><img loading=\"lazy\" decoding=\"async\" class=\"alignleft size-medium wp-image-1314\" src=\"http:\/\/ecrire-coach.biographe-valeriejean.fr\/wp-content\/uploads\/2014\/09\/25258_10150144654730494_1597602_n-300x200.jpg\" alt=\"CLUB TEBO CAU CAU\" width=\"300\" height=\"200\" \/><\/a>Bref, nous sommes dans de bonnes mains&#8230;. Un cort\u00e8ge de serveurs nous pr\u00e9sentent les plats. Le soleil cogne dur et malgr\u00e9 les recommandations de Julie de nous prot\u00e9ger de cr\u00e8me, nous partirons de la f\u00eate avec de belles marques cuivr\u00e9es!<br \/>\nAvant la soir\u00e9e dansante, Julie nous briffe sur les r\u00e8gles de biens\u00e9ance dans les soir\u00e9es chiliennes: ne jamais inviter une personne accompagn\u00e9e. Nous nous tenons sagement \u00e0 cette r\u00e8gle tandis que nous constatons que certaines chiliennes la transgressent sans complexe!<br \/>\nPendant la soir\u00e9e, nous discutons avec le propri\u00e9taire du club qui se trouve \u00eatre un ancien champion de voile l\u00e9g\u00e8re et l&rsquo;ancien coach de l&rsquo;\u00e9quipe olympique de ski du Chili&#8230; Il nous parle, ponctuant ses phrases franco-chiliennes d&rsquo;\u00e9normes \u00e9clats de rire,\u00a0 de sa vie d&rsquo;avant le club, la jet set, les stations de ski du monde entier avec une pr\u00e9f\u00e9rence pour la c\u00e9l\u00e8bre descente olympique de Val d&rsquo;Is\u00e8re.<br \/>\n<a href=\"http:\/\/ecrire-coach.biographe-valeriejean.fr\/wp-content\/uploads\/2014\/09\/25258_10150144654745494_1484748_n.jpg\"><img loading=\"lazy\" decoding=\"async\" class=\"alignleft size-medium wp-image-1316\" src=\"http:\/\/ecrire-coach.biographe-valeriejean.fr\/wp-content\/uploads\/2014\/09\/25258_10150144654745494_1484748_n-199x300.jpg\" alt=\"chili\" width=\"199\" height=\"300\" \/><\/a>Apr\u00e8s une soir\u00e9e dansante endiabl\u00e9e, alternant samba et musique rock, nous abandonnons la piste pour aller nous reposer, les jours suivants seront \u00e9prouvants!<\/p>\n<p style=\"text-align: justify;\">Lendemain, d\u00e9part pour Valparaiso, en voiture sous la conduite de Roberto qui doit retourner \u00e0 Santiago\u00a0 le soir m\u00eame, comme nous.<br \/>\nNous avons une heure de route le long du pacifique o\u00f9 s&rsquo;\u00e9tirent de grandes baies ouvertes sur l&rsquo;oc\u00e9an o\u00f9 se succ\u00e8dent plages, rochers, constructions typiques de stations baln\u00e9aires. Certains lieux populaires avec des baraques entre la route et la plage pour vendre: repas, fringues et d&rsquo;autres plus cossus avec de tr\u00e8s belles villas et de grands immeubles r\u00e9cents: bref nous ne sommes pas d\u00e9pays\u00e9s!<\/p>\n<h1 style=\"text-align: justify;\"><a href=\"http:\/\/www.baladesetpatrimoine.com\/chili-le-bout-du-monde\/\">Si vous souhaitez d\u00e9couvrir la suite du voyage, cliquez ici<\/a><\/h1>\n<p>En effet, je suis administratrice et r\u00e9dactrice du blog de voyage <a href=\"http:\/\/www.baladesetpatrimoine.com\/\">balades et patrimoine<\/a><\/p>\n","protected":false},"excerpt":{"rendered":"<p>VAMONOS AL CHILE ! Carnet de voyage de notre exp\u00e9dition chilienne du 4 f\u00e9vrier au 23 f\u00e9vrier 2010 A l&rsquo;origine, nous devions partir pour le Japon pour r\u00e9pondre \u00e0 l&rsquo;invitation d&rsquo;un de nos amis. Au mois d&rsquo;ao\u00fbt, la nouvelle tombe, ma ni\u00e8ce se marie en f\u00e9vrier&#8230; au Chili! Deux voyages \u00e0 perpet dans l&rsquo;ann\u00e9e impossible &hellip; <a href=\"https:\/\/ecrire-coach.biographe-valeriejean.fr\/?page_id=1301\" class=\"more-link\">Continuer la lecture de <span class=\"screen-reader-text\">Chili : un voyage aux confins du monde<\/span>  <span class=\"meta-nav\">&rarr;<\/span><\/a><\/p>\n","protected":false},"author":1,"featured_media":1471,"parent":815,"menu_order":0,"comment_status":"open","ping_status":"open","template":"","meta":{"footnotes":""},"class_list":["post-1301","page","type-page","status-publish","has-post-thumbnail","hentry"],"aioseo_notices":[],"_links":{"self":[{"href":"https:\/\/ecrire-coach.biographe-valeriejean.fr\/index.php?rest_route=\/wp\/v2\/pages\/1301","targetHints":{"allow":["GET"]}}],"collection":[{"href":"https:\/\/ecrire-coach.biographe-valeriejean.fr\/index.php?rest_route=\/wp\/v2\/pages"}],"about":[{"href":"https:\/\/ecrire-coach.biographe-valeriejean.fr\/index.php?rest_route=\/wp\/v2\/types\/page"}],"author":[{"embeddable":true,"href":"https:\/\/ecrire-coach.biographe-valeriejean.fr\/index.php?rest_route=\/wp\/v2\/users\/1"}],"replies":[{"embeddable":true,"href":"https:\/\/ecrire-coach.biographe-valeriejean.fr\/index.php?rest_route=%2Fwp%2Fv2%2Fcomments&post=1301"}],"version-history":[{"count":0,"href":"https:\/\/ecrire-coach.biographe-valeriejean.fr\/index.php?rest_route=\/wp\/v2\/pages\/1301\/revisions"}],"up":[{"embeddable":true,"href":"https:\/\/ecrire-coach.biographe-valeriejean.fr\/index.php?rest_route=\/wp\/v2\/pages\/815"}],"wp:featuredmedia":[{"embeddable":true,"href":"https:\/\/ecrire-coach.biographe-valeriejean.fr\/index.php?rest_route=\/wp\/v2\/media\/1471"}],"wp:attachment":[{"href":"https:\/\/ecrire-coach.biographe-valeriejean.fr\/index.php?rest_route=%2Fwp%2Fv2%2Fmedia&parent=1301"}],"curies":[{"name":"wp","href":"https:\/\/api.w.org\/{rel}","templated":true}]}}