{"id":1741,"date":"2012-11-01T21:14:06","date_gmt":"2012-11-01T19:14:06","guid":{"rendered":"http:\/\/ecrire-coach.biographe-valeriejean.frbienvenue\/"},"modified":"2012-11-01T21:14:06","modified_gmt":"2012-11-01T19:14:06","slug":"bienvenue","status":"publish","type":"page","link":"https:\/\/ecrire-coach.biographe-valeriejean.fr\/?page_id=1741","title":{"rendered":"Mon choix d&rsquo;\u00eatre biographe"},"content":{"rendered":"<h1><a href=\"http:\/\/ecrire-coach.biographe-valeriejean.fr\/wp-content\/uploads\/2013\/11\/val-jean.jpg\"><img loading=\"lazy\" decoding=\"async\" class=\"alignright size-medium wp-image-724\" src=\"http:\/\/ecrire-coach.biographe-valeriejean.fr\/wp-content\/uploads\/2013\/11\/val-jean-300x190.jpg\" alt=\"val-jean\" width=\"300\" height=\"190\" \/><\/a>BIOGRAPHE FAMILIAL: une passion<\/h1>\n<p style=\"text-align: justify;\"><span style=\"font-size: 12pt; font-family: Cambria;\">Bonjour \u00e0 toutes et \u00e0 toutes,<br \/>\nJe suis <a href=\"http:\/\/www.biographe-valeriejean.fr\/\">biographe<\/a> et coach par l&rsquo;\u00e9criture depuis 2008.<br \/>\nMon m\u00e9tier d&rsquo;<a href=\"http:\/\/www.biographe-valeriejean.fr\/biographie-familiale\/ecrivain-biographie-familiale.html\">animatrice en \u00e9criture <\/a>m&rsquo;a permis de rencontrer beaucoup de personnes passionnantes dont la vie singuli\u00e8re, unique m\u00e9ritait d&rsquo;\u00eatre racont\u00e9e, \u00e9crite et transmise.<br \/>\nAu cours de mes nombreux entretiens, j&rsquo;ai remarqu\u00e9 trop souvent que bien <a href=\"http:\/\/chantalserriere.blog.lemonde.fr\/2006\/12\/02\/de-lhumilite-en-ecriture\/\"> des gens n&rsquo;osaient pas,<\/a> par humilit\u00e9, modestie, m\u00e9sestime de soi,\u00a0 se lancer dans l&rsquo;\u00e9criture de leur histoire de vie.<br \/>\nPar ce blog je veux vous aider, vous guider, vous accompagner dans une meilleure connaissance de soi et des m\u00e9canismes qui nous animent. Une d\u00e9marche <strong>\u00a0pour soi,<\/strong> pour l&rsquo;autre,\u00a0 et vous apporter mon exp\u00e9rience.<\/span><\/p>\n<p style=\"text-align: justify;\">Par ma formation en sciences humaines et gr\u00e2ce \u00e0 <a href=\"http:\/\/www.asihvif.com\/DUHistoireVieFormationNantesPlaquette2011-2012.pdf\">mon dipl\u00f4me en histoires de vie<\/a>, j&rsquo;ai appris \u00e0 parler avec beaucoup de vigilance sur tous les sujets qui traitent de la personne humaine. C&rsquo;est pourquoi mon blog vous appara\u00eetra peut \u00eatre ennuyeux, parlant de choses simples avec des \u00ab\u00a0gros mots\u00a0\u00bb qui ne vous parlent pas. Mais j&rsquo;ai appris aussi que chacun et chacune avait un potentiel pour apprendre et \u00e9voluer et que cela n&rsquo;avait rien \u00e0 voir avec son niveau scolaire mais avec sa motivation, sa curiosit\u00e9 et son d\u00e9sir de comprendre.<\/p>\n<p style=\"text-align: justify;\">Au del\u00e0 de l<strong>&lsquo;\u00e9criture biographique<\/strong>, j&rsquo;avais envie de\u00a0 transmettre les connaissances que\u00a0 j&rsquo;ai apprises moi m\u00eame, qui m&rsquo;ont aid\u00e9es \u00e0 mieux \u00e9voluer dans ma vie professionnelle et personnelle et \u00e0 partager des outils qui peuvent vous aider \u00e0 <strong>rentrer en \u00e9criture.<\/strong><\/p>\n<p style=\"text-align: justify;\">Ce blog est bien s\u00fbr \u00e9volutif, s&rsquo;enrichissant au rythme du temps que j&rsquo;y consacre, de mes envies et de mon inspiration ayant toujours \u00e0 l&rsquo;esprit que le coeur du propos est le d\u00e9veloppement de soi , par l&rsquo;\u00e9criture, l&rsquo;expression et la cr\u00e9ation.<\/p>\n<p><span style=\"font-size: x-small;\">Copyright Val\u00e9rie Jean Terra 2011<\/span><\/p>\n","protected":false},"excerpt":{"rendered":"<p>BIOGRAPHE FAMILIAL: une passion Bonjour \u00e0 toutes et \u00e0 toutes, Je suis biographe et coach par l&rsquo;\u00e9criture depuis 2008. Mon m\u00e9tier d&rsquo;animatrice en \u00e9criture m&rsquo;a permis de rencontrer beaucoup de personnes passionnantes dont la vie singuli\u00e8re, unique m\u00e9ritait d&rsquo;\u00eatre racont\u00e9e, \u00e9crite et transmise. Au cours de mes nombreux entretiens, j&rsquo;ai remarqu\u00e9 trop souvent que bien &hellip; <a href=\"https:\/\/ecrire-coach.biographe-valeriejean.fr\/?page_id=1741\" class=\"more-link\">Continuer la lecture de <span class=\"screen-reader-text\">Mon choix d&rsquo;\u00eatre biographe<\/span>  <span class=\"meta-nav\">&rarr;<\/span><\/a><\/p>\n","protected":false},"author":1,"featured_media":0,"parent":0,"menu_order":1,"comment_status":"open","ping_status":"closed","template":"","meta":{"footnotes":""},"class_list":["post-1741","page","type-page","status-publish","hentry"],"aioseo_notices":[],"_links":{"self":[{"href":"https:\/\/ecrire-coach.biographe-valeriejean.fr\/index.php?rest_route=\/wp\/v2\/pages\/1741","targetHints":{"allow":["GET"]}}],"collection":[{"href":"https:\/\/ecrire-coach.biographe-valeriejean.fr\/index.php?rest_route=\/wp\/v2\/pages"}],"about":[{"href":"https:\/\/ecrire-coach.biographe-valeriejean.fr\/index.php?rest_route=\/wp\/v2\/types\/page"}],"author":[{"embeddable":true,"href":"https:\/\/ecrire-coach.biographe-valeriejean.fr\/index.php?rest_route=\/wp\/v2\/users\/1"}],"replies":[{"embeddable":true,"href":"https:\/\/ecrire-coach.biographe-valeriejean.fr\/index.php?rest_route=%2Fwp%2Fv2%2Fcomments&post=1741"}],"version-history":[{"count":0,"href":"https:\/\/ecrire-coach.biographe-valeriejean.fr\/index.php?rest_route=\/wp\/v2\/pages\/1741\/revisions"}],"wp:attachment":[{"href":"https:\/\/ecrire-coach.biographe-valeriejean.fr\/index.php?rest_route=%2Fwp%2Fv2%2Fmedia&parent=1741"}],"curies":[{"name":"wp","href":"https:\/\/api.w.org\/{rel}","templated":true}]}}