{"id":191,"date":"2013-05-28T13:48:51","date_gmt":"2013-05-28T11:48:51","guid":{"rendered":"http:\/\/ecrire-coach.biographe-valeriejean.fr?page_id=191"},"modified":"2013-05-28T13:48:51","modified_gmt":"2013-05-28T11:48:51","slug":"le-choix-dun-blog","status":"publish","type":"page","link":"https:\/\/ecrire-coach.biographe-valeriejean.fr\/?page_id=191","title":{"rendered":"Le choix d&rsquo;un blog"},"content":{"rendered":"<h1>Pourquoi un blog<\/h1>\n<p><span style=\"font-size: 12pt; font-family: Cambria;\"><a href=\"http:\/\/www.biographe-valeriejean.fr\/\">Mon site<\/a> professionnel est la pr\u00e9sentation<\/span><span style=\"font-size: 12pt; font-family: Cambria;\"><span style=\"font-size: 12pt; font-family: Cambria;\"> la plus compl\u00e8te et la plus structur\u00e9e<\/span> de mes activit\u00e9s de biographie et d&rsquo;\u00e9criture. <\/span><\/p>\n<p style=\"text-align: justify;\">Le blog, quant \u00e0 lui permet une interaction avec les personnes qui se connectent et pour lesquelles je publie r\u00e9guli\u00e8rement des articles. Il me permet de diffuser de l&rsquo;information, de communiquer des textes, de faire des liens sur des domaines li\u00e9s \u00e0 la psychosociologie et \u00e0 la compr\u00e9hension de soi bref de vagabonder autour de diff\u00e9rentes th\u00e9matiques : l&rsquo;\u00e9criture, la connaissance de soi, le d\u00e9veloppement personnel et les activit\u00e9s d&rsquo;expression, tout cela \u00e0 des fins de compr\u00e9hension et d&rsquo;illustration.<\/p>\n<p><a href=\"http:\/\/ecrire-coach.biographe-valeriejean.fr\/wp-content\/uploads\/2021\/02\/la-tomate-Groucho-scaled.jpg\"><img loading=\"lazy\" decoding=\"async\" class=\"size-medium wp-image-2457 aligncenter\" src=\"http:\/\/ecrire-coach.biographe-valeriejean.fr\/wp-content\/uploads\/2021\/02\/la-tomate-Groucho-300x225.jpg\" alt=\"legumes rigolos\" width=\"300\" height=\"225\" \/><\/a><\/p>\n<p style=\"text-align: justify;\">C&rsquo;est aussi un espace de libert\u00e9 pour moi o\u00f9 je peux m&rsquo;exprimer, livrer mes exp\u00e9riences ou mes \u00e9tats d&rsquo;\u00e2me sans pour autant livrer ma vie priv\u00e9e.<\/p>\n<p style=\"text-align: justify;\">Voil\u00e0 en quelques mots pourquoi j&rsquo;ai choisi le blog comme support d&rsquo;expression, compl\u00e9ment \u00e0 <a href=\"http:\/\/www.biographe-valeriejean.fr\/\">mon site de biographie et r\u00e9cits de vie <span style=\"color: #000000;\">o\u00f9 vous trouverez toutes les explications sur les modalit\u00e9s de mes prestations de biographe.<\/span><\/a><\/p>\n<p style=\"text-align: justify;\">Je vous souhaite nombreux \u00e0 parcourir les pages que j&rsquo;\u00e9dite sur l&rsquo;un des deux supports et esp\u00e8re ainsi satisfaire votre curiosit\u00e9 sur le m\u00e9tier de biographe, et tout ce qui se rapporte \u00e0 l&rsquo;\u00e9criture de soi.<\/p>\n<p style=\"text-align: justify;\">La communication est souvent \u00ab\u00a0chronophage\u00a0\u00bb et vous ne m&rsquo;en voudrez pas, j&rsquo;en suis s\u00fbre, de prendre le temps de construire mon blog afin qu&rsquo;il soit de qualit\u00e9.<\/p>\n<p style=\"text-align: justify;\">Bonne lecture \u00e0 tous.<\/p>\n<p><span style=\"font-size: x-small;\">Copyright Val\u00e9rie Jean Terra 2011<\/span><\/p>\n","protected":false},"excerpt":{"rendered":"<p>Pourquoi un blog Mon site professionnel est la pr\u00e9sentation la plus compl\u00e8te et la plus structur\u00e9e de mes activit\u00e9s de biographie et d&rsquo;\u00e9criture. Le blog, quant \u00e0 lui permet une interaction avec les personnes qui se connectent et pour lesquelles je publie r\u00e9guli\u00e8rement des articles. Il me permet de diffuser de l&rsquo;information, de communiquer des &hellip; <a href=\"https:\/\/ecrire-coach.biographe-valeriejean.fr\/?page_id=191\" class=\"more-link\">Continuer la lecture de <span class=\"screen-reader-text\">Le choix d&rsquo;un blog<\/span>  <span class=\"meta-nav\">&rarr;<\/span><\/a><\/p>\n","protected":false},"author":1,"featured_media":0,"parent":1741,"menu_order":0,"comment_status":"open","ping_status":"open","template":"","meta":{"footnotes":""},"class_list":["post-191","page","type-page","status-publish","hentry"],"aioseo_notices":[],"_links":{"self":[{"href":"https:\/\/ecrire-coach.biographe-valeriejean.fr\/index.php?rest_route=\/wp\/v2\/pages\/191","targetHints":{"allow":["GET"]}}],"collection":[{"href":"https:\/\/ecrire-coach.biographe-valeriejean.fr\/index.php?rest_route=\/wp\/v2\/pages"}],"about":[{"href":"https:\/\/ecrire-coach.biographe-valeriejean.fr\/index.php?rest_route=\/wp\/v2\/types\/page"}],"author":[{"embeddable":true,"href":"https:\/\/ecrire-coach.biographe-valeriejean.fr\/index.php?rest_route=\/wp\/v2\/users\/1"}],"replies":[{"embeddable":true,"href":"https:\/\/ecrire-coach.biographe-valeriejean.fr\/index.php?rest_route=%2Fwp%2Fv2%2Fcomments&post=191"}],"version-history":[{"count":0,"href":"https:\/\/ecrire-coach.biographe-valeriejean.fr\/index.php?rest_route=\/wp\/v2\/pages\/191\/revisions"}],"up":[{"embeddable":true,"href":"https:\/\/ecrire-coach.biographe-valeriejean.fr\/index.php?rest_route=\/wp\/v2\/pages\/1741"}],"wp:attachment":[{"href":"https:\/\/ecrire-coach.biographe-valeriejean.fr\/index.php?rest_route=%2Fwp%2Fv2%2Fmedia&parent=191"}],"curies":[{"name":"wp","href":"https:\/\/api.w.org\/{rel}","templated":true}]}}