{"id":815,"date":"2014-02-09T15:44:15","date_gmt":"2014-02-09T13:44:15","guid":{"rendered":"http:\/\/ecrire-coach.biographe-valeriejean.fr?page_id=815"},"modified":"2014-02-09T15:44:15","modified_gmt":"2014-02-09T13:44:15","slug":"mes-voyages","status":"publish","type":"page","link":"https:\/\/ecrire-coach.biographe-valeriejean.fr\/?page_id=815","title":{"rendered":"Mes voyages"},"content":{"rendered":"<p style=\"text-align: justify;\">Cette rubrique pr\u00e9sente les textes que j&rsquo;ai \u00e9crits lors de mes diff\u00e9rents voyages.Ils illustrent l&rsquo;int\u00e9r\u00eat que j&rsquo;ai port\u00e9 aux personnes rencontr\u00e9es, aux paysages d\u00e9couverts, aux impressions ressenties mais comme toutes description ils ne refl\u00e8tent que partiellement tout ce que j&rsquo;ai pu engranger comme exp\u00e9riences.<\/p>\n<p>Ils sont aussi d\u00e9cal\u00e9s dans le temps, l&rsquo;\u00e9criture ayant \u00e9tant r\u00e9alis\u00e9e souvent \u00e0 bien des ann\u00e9es d&rsquo;aujourd&rsquo;hui. Ils n&rsquo;en constituent pas moins une trace de ce que j&rsquo;ai v\u00e9cu.<\/p>\n<p>J&rsquo;esp\u00e8re que vous trouverez du plaisir, du d\u00e9paysement et quelquefois m\u00eame de l&rsquo;humour, enfin c&rsquo;est mon souhait&#8230;.<\/p>\n<p>Bonne lecture \u00e0 tous<\/p>\n","protected":false},"excerpt":{"rendered":"<p>Cette rubrique pr\u00e9sente les textes que j&rsquo;ai \u00e9crits lors de mes diff\u00e9rents voyages.Ils illustrent l&rsquo;int\u00e9r\u00eat que j&rsquo;ai port\u00e9 aux personnes rencontr\u00e9es, aux paysages d\u00e9couverts, aux impressions ressenties mais comme toutes description ils ne refl\u00e8tent que partiellement tout ce que j&rsquo;ai pu engranger comme exp\u00e9riences. Ils sont aussi d\u00e9cal\u00e9s dans le temps, l&rsquo;\u00e9criture ayant \u00e9tant r\u00e9alis\u00e9e &hellip; <a href=\"https:\/\/ecrire-coach.biographe-valeriejean.fr\/?page_id=815\" class=\"more-link\">Continuer la lecture de <span class=\"screen-reader-text\">Mes voyages<\/span>  <span class=\"meta-nav\">&rarr;<\/span><\/a><\/p>\n","protected":false},"author":1,"featured_media":0,"parent":0,"menu_order":0,"comment_status":"open","ping_status":"closed","template":"","meta":{"footnotes":""},"class_list":["post-815","page","type-page","status-publish","hentry"],"aioseo_notices":[],"_links":{"self":[{"href":"https:\/\/ecrire-coach.biographe-valeriejean.fr\/index.php?rest_route=\/wp\/v2\/pages\/815","targetHints":{"allow":["GET"]}}],"collection":[{"href":"https:\/\/ecrire-coach.biographe-valeriejean.fr\/index.php?rest_route=\/wp\/v2\/pages"}],"about":[{"href":"https:\/\/ecrire-coach.biographe-valeriejean.fr\/index.php?rest_route=\/wp\/v2\/types\/page"}],"author":[{"embeddable":true,"href":"https:\/\/ecrire-coach.biographe-valeriejean.fr\/index.php?rest_route=\/wp\/v2\/users\/1"}],"replies":[{"embeddable":true,"href":"https:\/\/ecrire-coach.biographe-valeriejean.fr\/index.php?rest_route=%2Fwp%2Fv2%2Fcomments&post=815"}],"version-history":[{"count":0,"href":"https:\/\/ecrire-coach.biographe-valeriejean.fr\/index.php?rest_route=\/wp\/v2\/pages\/815\/revisions"}],"wp:attachment":[{"href":"https:\/\/ecrire-coach.biographe-valeriejean.fr\/index.php?rest_route=%2Fwp%2Fv2%2Fmedia&parent=815"}],"curies":[{"name":"wp","href":"https:\/\/api.w.org\/{rel}","templated":true}]}}